{"id":43,"date":"2023-11-23T12:42:11","date_gmt":"2023-11-23T10:42:11","guid":{"rendered":"https:\/\/www.fincasami.es\/?page_id=43"},"modified":"2025-02-21T12:36:13","modified_gmt":"2025-02-21T10:36:13","slug":"inicio","status":"publish","type":"page","link":"https:\/\/www.fincasami.es\/","title":{"rendered":"Fincas AMI"},"content":{"rendered":"\n<h2 class=\"wp-block-heading\"><\/h2>\n\n\n\n<p><strong>ASESOR\u00cdA DE LA MARGEN IZQUIERDA<\/strong> (AMI) es un despacho dedicado en exclusiva a la <strong>administraci\u00f3n de fincas en Zaragoza<\/strong>. <\/p>\n\n\n\n<figure class=\"wp-block-image size-full\"><img loading=\"lazy\" decoding=\"async\" width=\"1000\" height=\"667\" src=\"https:\/\/www.fincasami.es\/wp-content\/uploads\/2024\/08\/NR_M0674.jpg\" alt=\"\" class=\"wp-image-244\" srcset=\"https:\/\/www.fincasami.es\/wp-content\/uploads\/2024\/08\/NR_M0674.jpg 1000w, https:\/\/www.fincasami.es\/wp-content\/uploads\/2024\/08\/NR_M0674-300x200.jpg 300w, https:\/\/www.fincasami.es\/wp-content\/uploads\/2024\/08\/NR_M0674-768x512.jpg 768w\" sizes=\"(max-width: 1000px) 100vw, 1000px\" \/><\/figure>\n\n\n\n<p>Soy <strong>Mar\u00eda Jos\u00e9 Lej\u00e1rraga Ayala, administradora de fincas<\/strong> colegiada en el Colegio Oficial de Administradores de Fincas de Arag\u00f3n con <strong>n\u00famero 31344<\/strong> y estoy al frente de este despacho desde hace m\u00e1s de 20 a\u00f1os ejerciendo esta profesi\u00f3n. <\/p>\n\n\n\n<p>Soy <strong>licenciada en Derecho y experto t\u00e9cnico inmobiliario<\/strong>. He recibido del Colegio de Administradores, el reconocimiento profesional a trav\u00e9s de la entrega de las <strong>medallas de bronce y de plata<\/strong> al m\u00e9rito colegial. <\/p>\n\n\n\n<p><strong>Atiendo personalmente<\/strong> a todas las comunidades que administro, pero cuento con la inmejorable ayuda de dos secretarias, Laura y Alba, con <strong>titulaci\u00f3n superior en Administraci\u00f3n y Finanzas<\/strong> y de una <strong>abogada <\/strong>Mar\u00eda Luisa L\u00e1zaro, colegiada y ejerciente que trabaja preferentemente para este despacho, pero no en exclusiva, as\u00ed que podr\u00e1 atenderle tambi\u00e9n si tiene alg\u00fan asunto particular, no relacionado con las comunidades.<\/p>\n\n\n\n<figure class=\"wp-block-video\"><video controls src=\"https:\/\/www.fincasami.es\/wp-content\/uploads\/2024\/08\/VID-20240530-WA0000.mp4\"><\/video><\/figure>\n\n\n\n<h4 class=\"wp-block-heading\"><a href=\"https:\/\/www.fincasami.es\/index.php\/contacto\" data-type=\"page\" data-id=\"10\">Contacta con nosotros<\/a><\/h4>\n\n\n\n<div style=\"height:20px\" aria-hidden=\"true\" class=\"wp-block-spacer\"><\/div>\n\n\n\n<figure class=\"wp-block-image aligncenter size-full is-resized is-style-default\"><img loading=\"lazy\" decoding=\"async\" width=\"2884\" height=\"845\" src=\"https:\/\/www.fincasami.es\/wp-content\/uploads\/2024\/05\/Marca_AdministradoraFincasColegiada.png\" alt=\"\" class=\"wp-image-236\" style=\"width:376px;height:auto\" srcset=\"https:\/\/www.fincasami.es\/wp-content\/uploads\/2024\/05\/Marca_AdministradoraFincasColegiada.png 2884w, https:\/\/www.fincasami.es\/wp-content\/uploads\/2024\/05\/Marca_AdministradoraFincasColegiada-300x88.png 300w, https:\/\/www.fincasami.es\/wp-content\/uploads\/2024\/05\/Marca_AdministradoraFincasColegiada-1024x300.png 1024w, https:\/\/www.fincasami.es\/wp-content\/uploads\/2024\/05\/Marca_AdministradoraFincasColegiada-768x225.png 768w, https:\/\/www.fincasami.es\/wp-content\/uploads\/2024\/05\/Marca_AdministradoraFincasColegiada-1536x450.png 1536w, https:\/\/www.fincasami.es\/wp-content\/uploads\/2024\/05\/Marca_AdministradoraFincasColegiada-2048x600.png 2048w\" sizes=\"(max-width: 2884px) 100vw, 2884px\" \/><\/figure>\n","protected":false},"excerpt":{"rendered":"<p>ASESOR\u00cdA DE LA MARGEN IZQUIERDA (AMI) es un despacho dedicado en exclusiva a la administraci\u00f3n de fincas en Zaragoza. Soy Mar\u00eda Jos\u00e9 Lej\u00e1rraga Ayala, administradora de fincas colegiada en el Colegio Oficial de Administradores de Fincas de Arag\u00f3n con n\u00famero 31344 y estoy al frente de este despacho desde hace m\u00e1s de 20 a\u00f1os ejerciendo [&hellip;]<\/p>\n","protected":false},"author":1,"featured_media":0,"parent":0,"menu_order":0,"comment_status":"closed","ping_status":"closed","template":"wp-custom-template-ami","meta":{"footnotes":""},"_links":{"self":[{"href":"https:\/\/www.fincasami.es\/index.php\/wp-json\/wp\/v2\/pages\/43"}],"collection":[{"href":"https:\/\/www.fincasami.es\/index.php\/wp-json\/wp\/v2\/pages"}],"about":[{"href":"https:\/\/www.fincasami.es\/index.php\/wp-json\/wp\/v2\/types\/page"}],"author":[{"embeddable":true,"href":"https:\/\/www.fincasami.es\/index.php\/wp-json\/wp\/v2\/users\/1"}],"replies":[{"embeddable":true,"href":"https:\/\/www.fincasami.es\/index.php\/wp-json\/wp\/v2\/comments?post=43"}],"version-history":[{"count":26,"href":"https:\/\/www.fincasami.es\/index.php\/wp-json\/wp\/v2\/pages\/43\/revisions"}],"predecessor-version":[{"id":434,"href":"https:\/\/www.fincasami.es\/index.php\/wp-json\/wp\/v2\/pages\/43\/revisions\/434"}],"wp:attachment":[{"href":"https:\/\/www.fincasami.es\/index.php\/wp-json\/wp\/v2\/media?parent=43"}],"curies":[{"name":"wp","href":"https:\/\/api.w.org\/{rel}","templated":true}]}}