{"id":286,"date":"2024-09-24T16:05:16","date_gmt":"2024-09-24T14:05:16","guid":{"rendered":"https:\/\/www.fincasami.es\/?page_id=286"},"modified":"2025-02-24T10:42:56","modified_gmt":"2025-02-24T08:42:56","slug":"presupuesto","status":"publish","type":"page","link":"https:\/\/www.fincasami.es\/index.php\/presupuesto","title":{"rendered":"Solicitud de presupuesto"},"content":{"rendered":"\n<p>Rellena el siguiente formulario con los datos de tu comunidad para obtener un presupuesto personalizado. <\/p>\n\n\n\n<p>Una vez que lo env\u00edes, trataremos de responderte en el menor plazo posible.<\/p>\n\n\n\n<p>Si pasados unos d\u00edas no has recibido respuesta, por favor, contacta con nosotros por tel\u00e9fono.<\/p>\n\n\n\n<div class=\"wp-block-contact-form-7-contact-form-selector\">\n<div class=\"wpcf7 no-js\" id=\"wpcf7-f285-o1\" lang=\"es-ES\" dir=\"ltr\">\n<div class=\"screen-reader-response\"><p role=\"status\" aria-live=\"polite\" aria-atomic=\"true\"><\/p> <ul><\/ul><\/div>\n<form action=\"\/index.php\/wp-json\/wp\/v2\/pages\/286#wpcf7-f285-o1\" method=\"post\" class=\"wpcf7-form init presupuesto\" aria-label=\"Formulario de contacto\" novalidate=\"novalidate\" data-status=\"init\">\n<div style=\"display: none;\">\n<input type=\"hidden\" name=\"_wpcf7\" value=\"285\" \/>\n<input type=\"hidden\" name=\"_wpcf7_version\" value=\"5.9.8\" \/>\n<input type=\"hidden\" name=\"_wpcf7_locale\" value=\"es_ES\" \/>\n<input type=\"hidden\" name=\"_wpcf7_unit_tag\" value=\"wpcf7-f285-o1\" \/>\n<input type=\"hidden\" name=\"_wpcf7_container_post\" value=\"0\" \/>\n<input type=\"hidden\" name=\"_wpcf7_posted_data_hash\" value=\"\" \/>\n<\/div>\n<h3>Datos del edificio\n<\/h3>\n<p><label>Calle (direcci\u00f3n y c\u00f3digo postal)<br \/>\n<span class=\"wpcf7-form-control-wrap\" data-name=\"Calle\"><input size=\"40\" maxlength=\"400\" class=\"wpcf7-form-control wpcf7-text wpcf7-validates-as-required\" aria-required=\"true\" aria-invalid=\"false\" value=\"\" type=\"text\" name=\"Calle\" \/><\/span><br \/>\n<\/label>\n<\/p>\n<p><label>Municipio<br \/>\n<span class=\"wpcf7-form-control-wrap\" data-name=\"Municipio\"><input size=\"40\" maxlength=\"400\" class=\"wpcf7-form-control wpcf7-text wpcf7-validates-as-required\" aria-required=\"true\" aria-invalid=\"false\" value=\"\" type=\"text\" name=\"Municipio\" \/><\/span><br \/>\n<\/label>\n<\/p>\n<p><label>A\u00f1o de construcci\u00f3n (opcional)<br \/>\n<span class=\"wpcf7-form-control-wrap\" data-name=\"AnoConstruccion\"><input class=\"wpcf7-form-control wpcf7-number wpcf7-validates-as-number\" min=\"1800\" aria-invalid=\"false\" value=\"\" type=\"number\" name=\"AnoConstruccion\" \/><\/span><br \/>\n<\/label>\n<\/p>\n<p><label>Actual administrador (opcional)<br \/>\n<span class=\"wpcf7-form-control-wrap\" data-name=\"Administrador\"><input size=\"40\" maxlength=\"400\" class=\"wpcf7-form-control wpcf7-text\" aria-invalid=\"false\" value=\"\" type=\"text\" name=\"Administrador\" \/><\/span><br \/>\n<\/label>\n<\/p>\n<h3>Dimensiones\n<\/h3>\n<p><label>N\u00famero de viviendas<br \/>\n<span class=\"wpcf7-form-control-wrap\" data-name=\"NumViviendas\"><input class=\"wpcf7-form-control wpcf7-number wpcf7-validates-as-required wpcf7-validates-as-number\" min=\"0\" aria-required=\"true\" aria-invalid=\"false\" value=\"\" type=\"number\" name=\"NumViviendas\" \/><\/span><br \/>\n<\/label>\n<\/p>\n<p><label>N\u00famero de locales<br \/>\n<span class=\"wpcf7-form-control-wrap\" data-name=\"NumLocales\"><input class=\"wpcf7-form-control wpcf7-number wpcf7-validates-as-required wpcf7-validates-as-number\" min=\"0\" aria-required=\"true\" aria-invalid=\"false\" value=\"\" type=\"number\" name=\"NumLocales\" \/><\/span><br \/>\n<\/label>\n<\/p>\n<p><label>N\u00famero de plazas de garaje<br \/>\n<span class=\"wpcf7-form-control-wrap\" data-name=\"NumGarajes\"><input class=\"wpcf7-form-control wpcf7-number wpcf7-validates-as-required wpcf7-validates-as-number\" min=\"0\" aria-required=\"true\" aria-invalid=\"false\" value=\"\" type=\"number\" name=\"NumGarajes\" \/><\/span><br \/>\n<\/label>\n<\/p>\n<p><label>N\u00famero de trasteros<br \/>\n<span class=\"wpcf7-form-control-wrap\" data-name=\"NumTrasteros\"><input class=\"wpcf7-form-control wpcf7-number wpcf7-validates-as-required wpcf7-validates-as-number\" min=\"0\" aria-required=\"true\" aria-invalid=\"false\" value=\"\" type=\"number\" name=\"NumTrasteros\" \/><\/span><br \/>\n<\/label>\n<\/p>\n<h3>Servicios comunes\n<\/h3>\n<p><span class=\"wpcf7-form-control-wrap\" data-name=\"Servicios\"><span class=\"wpcf7-form-control wpcf7-checkbox\"><span class=\"wpcf7-list-item first\"><label><input type=\"checkbox\" name=\"Servicios[]\" value=\"Ascensor\" \/><span class=\"wpcf7-list-item-label\">Ascensor<\/span><\/label><\/span><span class=\"wpcf7-list-item\"><label><input type=\"checkbox\" name=\"Servicios[]\" value=\"Calefacci\u00f3n central\" \/><span class=\"wpcf7-list-item-label\">Calefacci\u00f3n central<\/span><\/label><\/span><span class=\"wpcf7-list-item\"><label><input type=\"checkbox\" name=\"Servicios[]\" value=\"Agua caliente central\" \/><span class=\"wpcf7-list-item-label\">Agua caliente central<\/span><\/label><\/span><span class=\"wpcf7-list-item\"><label><input type=\"checkbox\" name=\"Servicios[]\" value=\"Zona verde\" \/><span class=\"wpcf7-list-item-label\">Zona verde<\/span><\/label><\/span><span class=\"wpcf7-list-item\"><label><input type=\"checkbox\" name=\"Servicios[]\" value=\"Piscina\" \/><span class=\"wpcf7-list-item-label\">Piscina<\/span><\/label><\/span><span class=\"wpcf7-list-item\"><label><input type=\"checkbox\" name=\"Servicios[]\" value=\"Conserje\" \/><span class=\"wpcf7-list-item-label\">Conserje<\/span><\/label><\/span><span class=\"wpcf7-list-item\"><label><input type=\"checkbox\" name=\"Servicios[]\" value=\"Gimnasio\" \/><span class=\"wpcf7-list-item-label\">Gimnasio<\/span><\/label><\/span><span class=\"wpcf7-list-item last\"><label><input type=\"checkbox\" name=\"Servicios[]\" value=\"Sala de reuniones\" \/><span class=\"wpcf7-list-item-label\">Sala de reuniones<\/span><\/label><\/span><\/span><\/span>\n<\/p>\n<h3>Comentarios\n<\/h3>\n<p><span class=\"wpcf7-form-control-wrap\" data-name=\"Comentarios\"><textarea cols=\"40\" rows=\"10\" maxlength=\"2000\" class=\"wpcf7-form-control wpcf7-textarea\" aria-invalid=\"false\" name=\"Comentarios\"><\/textarea><\/span>\n<\/p>\n<h3>Contacto\n<\/h3>\n<p><label>Tu nombre<br \/>\n<span class=\"wpcf7-form-control-wrap\" data-name=\"Nombre\"><input size=\"40\" maxlength=\"400\" class=\"wpcf7-form-control wpcf7-text wpcf7-validates-as-required\" aria-required=\"true\" aria-invalid=\"false\" value=\"\" type=\"text\" name=\"Nombre\" \/><\/span><br \/>\n<\/label>\n<\/p>\n<p><label>Tu correo electr\u00f3nico<br \/>\n<span class=\"wpcf7-form-control-wrap\" data-name=\"email\"><input size=\"40\" maxlength=\"400\" class=\"wpcf7-form-control wpcf7-email wpcf7-validates-as-required wpcf7-text wpcf7-validates-as-email\" autocomplete=\"email\" aria-required=\"true\" aria-invalid=\"false\" value=\"\" type=\"email\" name=\"email\" \/><\/span><br \/>\n<\/label>\n<\/p>\n<p><label>Tu tel\u00e9fono<br \/>\n<span class=\"wpcf7-form-control-wrap\" data-name=\"Telefono\"><input size=\"40\" maxlength=\"400\" class=\"wpcf7-form-control wpcf7-tel wpcf7-validates-as-required wpcf7-text wpcf7-validates-as-tel\" aria-required=\"true\" aria-invalid=\"false\" value=\"\" type=\"tel\" name=\"Telefono\" \/><\/span><br \/>\n<\/label>\n<\/p>\n<p><input class=\"wpcf7-form-control wpcf7-submit has-spinner\" type=\"submit\" value=\"Solicitar presupuesto\" \/>\n<\/p>\n<p><span class=\"wpcf7-form-control-wrap\" data-name=\"Privacidad\"><span class=\"wpcf7-form-control wpcf7-acceptance\"><span class=\"wpcf7-list-item\"><label><input type=\"checkbox\" name=\"Privacidad\" value=\"1\" aria-invalid=\"false\" \/><span class=\"wpcf7-list-item-label\">Al enviar este formulario aceptas la pol\u00edtica de privacidad de Fincas AMI<\/span><\/label><\/span><\/span><\/span>\n<\/p><div class=\"wpcf7-response-output\" aria-hidden=\"true\"><\/div>\n<\/form>\n<\/div>\n<\/div>\n\n\n\n<div style=\"height:25px\" aria-hidden=\"true\" class=\"wp-block-spacer\"><\/div>\n\n\n\n<hr class=\"wp-block-separator has-alpha-channel-opacity is-style-wide\"\/>\n\n\n\n<h4 class=\"wp-block-heading\">Informaci\u00f3n b\u00e1sica sobre protecci\u00f3n de datos<\/h4>\n\n\n\n<ul>\n<li><strong>Responsable<\/strong>: Asesor\u00eda de la Margen Izquierda SL.<\/li>\n\n\n\n<li><strong>Finalidad<\/strong>: Poder gestionar y tramitar el presupuesto solicitado.<\/li>\n\n\n\n<li><strong>Derechos<\/strong>: Acceder, rectificar y suprimir los datos, as\u00ed como otros derechos, como se explica en la informaci\u00f3n adicional.<\/li>\n\n\n\n<li><strong>Informaci\u00f3n adicional<\/strong>: Puede consultar la informaci\u00f3n adicional y detallada sobre Protecci\u00f3n de Datos en nuestra <a href=\"https:\/\/www.fincasami.es\/index.php\/privacidad\" data-type=\"page\" data-id=\"404\">Pol\u00edtica de Privacidad<\/a>.<\/li>\n<\/ul>\n","protected":false},"excerpt":{"rendered":"<p>Rellena el siguiente formulario con los datos de tu comunidad para obtener un presupuesto personalizado. Una vez que lo env\u00edes, trataremos de responderte en el menor plazo posible. Si pasados unos d\u00edas no has recibido respuesta, por favor, contacta con nosotros por tel\u00e9fono. Informaci\u00f3n b\u00e1sica sobre protecci\u00f3n de datos<\/p>\n","protected":false},"author":1,"featured_media":0,"parent":0,"menu_order":0,"comment_status":"closed","ping_status":"closed","template":"wp-custom-template-ami","meta":{"footnotes":""},"_links":{"self":[{"href":"https:\/\/www.fincasami.es\/index.php\/wp-json\/wp\/v2\/pages\/286"}],"collection":[{"href":"https:\/\/www.fincasami.es\/index.php\/wp-json\/wp\/v2\/pages"}],"about":[{"href":"https:\/\/www.fincasami.es\/index.php\/wp-json\/wp\/v2\/types\/page"}],"author":[{"embeddable":true,"href":"https:\/\/www.fincasami.es\/index.php\/wp-json\/wp\/v2\/users\/1"}],"replies":[{"embeddable":true,"href":"https:\/\/www.fincasami.es\/index.php\/wp-json\/wp\/v2\/comments?post=286"}],"version-history":[{"count":10,"href":"https:\/\/www.fincasami.es\/index.php\/wp-json\/wp\/v2\/pages\/286\/revisions"}],"predecessor-version":[{"id":439,"href":"https:\/\/www.fincasami.es\/index.php\/wp-json\/wp\/v2\/pages\/286\/revisions\/439"}],"wp:attachment":[{"href":"https:\/\/www.fincasami.es\/index.php\/wp-json\/wp\/v2\/media?parent=286"}],"curies":[{"name":"wp","href":"https:\/\/api.w.org\/{rel}","templated":true}]}}