{"id":268,"date":"2024-08-21T11:49:38","date_gmt":"2024-08-21T09:49:38","guid":{"rendered":"https:\/\/www.fincasami.es\/?page_id=268"},"modified":"2025-02-21T10:27:33","modified_gmt":"2025-02-21T08:27:33","slug":"reconocimientos","status":"publish","type":"page","link":"https:\/\/www.fincasami.es\/index.php\/reconocimientos","title":{"rendered":"Reconocimientos"},"content":{"rendered":"\n<figure class=\"wp-block-image size-full\"><img loading=\"lazy\" decoding=\"async\" width=\"1000\" height=\"667\" src=\"https:\/\/www.fincasami.es\/wp-content\/uploads\/2024\/08\/NR_M0440.jpg\" alt=\"\" class=\"wp-image-273\" srcset=\"https:\/\/www.fincasami.es\/wp-content\/uploads\/2024\/08\/NR_M0440.jpg 1000w, https:\/\/www.fincasami.es\/wp-content\/uploads\/2024\/08\/NR_M0440-300x200.jpg 300w, https:\/\/www.fincasami.es\/wp-content\/uploads\/2024\/08\/NR_M0440-768x512.jpg 768w\" sizes=\"(max-width: 1000px) 100vw, 1000px\" \/><\/figure>\n\n\n\n<p><strong>Medalla de Plata al M\u00e9rito Colegial <\/strong>otorgada por el Colegio de Administradores de Fincas de Arag\u00f3n.<\/p>\n\n\n\n<hr class=\"wp-block-separator has-alpha-channel-opacity is-style-wide\"\/>\n\n\n\n<figure class=\"wp-block-image size-full\"><img loading=\"lazy\" decoding=\"async\" width=\"1000\" height=\"667\" src=\"https:\/\/www.fincasami.es\/wp-content\/uploads\/2024\/08\/NR_M0446.jpg\" alt=\"\" class=\"wp-image-269\" srcset=\"https:\/\/www.fincasami.es\/wp-content\/uploads\/2024\/08\/NR_M0446.jpg 1000w, https:\/\/www.fincasami.es\/wp-content\/uploads\/2024\/08\/NR_M0446-300x200.jpg 300w, https:\/\/www.fincasami.es\/wp-content\/uploads\/2024\/08\/NR_M0446-768x512.jpg 768w\" sizes=\"(max-width: 1000px) 100vw, 1000px\" \/><\/figure>\n\n\n\n<p><strong>Medalla de Bronce al M\u00e9rito Colegial <\/strong>otorgada por el Colegio de Administradores de Fincas de Arag\u00f3n.<\/p>\n\n\n\n<hr class=\"wp-block-separator has-alpha-channel-opacity is-style-wide\"\/>\n\n\n\n<figure class=\"wp-block-image size-full\"><img loading=\"lazy\" decoding=\"async\" width=\"1000\" height=\"757\" src=\"https:\/\/www.fincasami.es\/wp-content\/uploads\/2024\/08\/NR_M0467.jpg\" alt=\"\" class=\"wp-image-271\" srcset=\"https:\/\/www.fincasami.es\/wp-content\/uploads\/2024\/08\/NR_M0467.jpg 1000w, https:\/\/www.fincasami.es\/wp-content\/uploads\/2024\/08\/NR_M0467-300x227.jpg 300w, https:\/\/www.fincasami.es\/wp-content\/uploads\/2024\/08\/NR_M0467-768x581.jpg 768w\" sizes=\"(max-width: 1000px) 100vw, 1000px\" \/><\/figure>\n\n\n\n<p><strong>T\u00edtulo de Licenciada en Derecho <\/strong>por la Universidad de Zaragoza.<\/p>\n\n\n\n<hr class=\"wp-block-separator has-alpha-channel-opacity is-style-wide\"\/>\n\n\n\n<figure class=\"wp-block-image size-full\"><img loading=\"lazy\" decoding=\"async\" width=\"1000\" height=\"741\" src=\"https:\/\/www.fincasami.es\/wp-content\/uploads\/2024\/08\/NR_M0479.jpg\" alt=\"\" class=\"wp-image-272\" srcset=\"https:\/\/www.fincasami.es\/wp-content\/uploads\/2024\/08\/NR_M0479.jpg 1000w, https:\/\/www.fincasami.es\/wp-content\/uploads\/2024\/08\/NR_M0479-300x222.jpg 300w, https:\/\/www.fincasami.es\/wp-content\/uploads\/2024\/08\/NR_M0479-768x569.jpg 768w\" sizes=\"(max-width: 1000px) 100vw, 1000px\" \/><\/figure>\n\n\n\n<p><strong>T\u00edtulo de Administrador de Fincas<\/strong> otorgado por el Ministerio de Fomento.<\/p>\n\n\n\n<hr class=\"wp-block-separator has-alpha-channel-opacity is-style-wide\"\/>\n\n\n\n<figure class=\"wp-block-image size-full\"><img loading=\"lazy\" decoding=\"async\" width=\"1000\" height=\"750\" src=\"https:\/\/www.fincasami.es\/wp-content\/uploads\/2024\/10\/NR_M0461.jpg\" alt=\"\" class=\"wp-image-351\" srcset=\"https:\/\/www.fincasami.es\/wp-content\/uploads\/2024\/10\/NR_M0461.jpg 1000w, https:\/\/www.fincasami.es\/wp-content\/uploads\/2024\/10\/NR_M0461-300x225.jpg 300w, https:\/\/www.fincasami.es\/wp-content\/uploads\/2024\/10\/NR_M0461-768x576.jpg 768w\" sizes=\"(max-width: 1000px) 100vw, 1000px\" \/><\/figure>\n\n\n\n<p><strong>T\u00edtulo de Experto T\u00e9cnico Inmobiliario<\/strong> otorgada por la Escuela Central de Zaragoza.<\/p>\n","protected":false},"excerpt":{"rendered":"<p>Medalla de Plata al M\u00e9rito Colegial otorgada por el Colegio de Administradores de Fincas de Arag\u00f3n. Medalla de Bronce al M\u00e9rito Colegial otorgada por el Colegio de Administradores de Fincas de Arag\u00f3n. T\u00edtulo de Licenciada en Derecho por la Universidad de Zaragoza. T\u00edtulo de Administrador de Fincas otorgado por el Ministerio de Fomento. T\u00edtulo de [&hellip;]<\/p>\n","protected":false},"author":1,"featured_media":0,"parent":0,"menu_order":0,"comment_status":"closed","ping_status":"closed","template":"wp-custom-template-ami","meta":{"footnotes":""},"_links":{"self":[{"href":"https:\/\/www.fincasami.es\/index.php\/wp-json\/wp\/v2\/pages\/268"}],"collection":[{"href":"https:\/\/www.fincasami.es\/index.php\/wp-json\/wp\/v2\/pages"}],"about":[{"href":"https:\/\/www.fincasami.es\/index.php\/wp-json\/wp\/v2\/types\/page"}],"author":[{"embeddable":true,"href":"https:\/\/www.fincasami.es\/index.php\/wp-json\/wp\/v2\/users\/1"}],"replies":[{"embeddable":true,"href":"https:\/\/www.fincasami.es\/index.php\/wp-json\/wp\/v2\/comments?post=268"}],"version-history":[{"count":7,"href":"https:\/\/www.fincasami.es\/index.php\/wp-json\/wp\/v2\/pages\/268\/revisions"}],"predecessor-version":[{"id":383,"href":"https:\/\/www.fincasami.es\/index.php\/wp-json\/wp\/v2\/pages\/268\/revisions\/383"}],"wp:attachment":[{"href":"https:\/\/www.fincasami.es\/index.php\/wp-json\/wp\/v2\/media?parent=268"}],"curies":[{"name":"wp","href":"https:\/\/api.w.org\/{rel}","templated":true}]}}