{"id":248,"date":"2024-08-21T11:14:57","date_gmt":"2024-08-21T09:14:57","guid":{"rendered":"https:\/\/www.fincasami.es\/?page_id=248"},"modified":"2025-02-21T10:58:07","modified_gmt":"2025-02-21T08:58:07","slug":"equipo","status":"publish","type":"page","link":"https:\/\/www.fincasami.es\/index.php\/equipo","title":{"rendered":"Nuestro equipo"},"content":{"rendered":"\n<figure class=\"wp-block-image size-full\"><img loading=\"lazy\" decoding=\"async\" width=\"1000\" height=\"340\" src=\"https:\/\/www.fincasami.es\/wp-content\/uploads\/2024\/10\/NR_M0512.jpg\" alt=\"\" class=\"wp-image-349\" srcset=\"https:\/\/www.fincasami.es\/wp-content\/uploads\/2024\/10\/NR_M0512.jpg 1000w, https:\/\/www.fincasami.es\/wp-content\/uploads\/2024\/10\/NR_M0512-300x102.jpg 300w, https:\/\/www.fincasami.es\/wp-content\/uploads\/2024\/10\/NR_M0512-768x261.jpg 768w\" sizes=\"(max-width: 1000px) 100vw, 1000px\" \/><\/figure>\n\n\n\n<figure class=\"wp-block-image size-full\"><img loading=\"lazy\" decoding=\"async\" width=\"1000\" height=\"667\" src=\"https:\/\/www.fincasami.es\/wp-content\/uploads\/2024\/08\/NR_M0775.jpg\" alt=\"\" class=\"wp-image-252\" srcset=\"https:\/\/www.fincasami.es\/wp-content\/uploads\/2024\/08\/NR_M0775.jpg 1000w, https:\/\/www.fincasami.es\/wp-content\/uploads\/2024\/08\/NR_M0775-300x200.jpg 300w, https:\/\/www.fincasami.es\/wp-content\/uploads\/2024\/08\/NR_M0775-768x512.jpg 768w\" sizes=\"(max-width: 1000px) 100vw, 1000px\" \/><\/figure>\n\n\n\n<p><strong>Mar\u00eda Jos\u00e9 Lej\u00e1rraga Ayala<\/strong><\/p>\n\n\n\n<p>Administradora de fincas.<br>Gerente.<\/p>\n\n\n\n<hr class=\"wp-block-separator has-alpha-channel-opacity is-style-wide\"\/>\n\n\n\n<figure class=\"wp-block-image size-full\"><img loading=\"lazy\" decoding=\"async\" width=\"1000\" height=\"667\" src=\"https:\/\/www.fincasami.es\/wp-content\/uploads\/2024\/08\/NR_M0593-1.jpg\" alt=\"\" class=\"wp-image-253\" srcset=\"https:\/\/www.fincasami.es\/wp-content\/uploads\/2024\/08\/NR_M0593-1.jpg 1000w, https:\/\/www.fincasami.es\/wp-content\/uploads\/2024\/08\/NR_M0593-1-300x200.jpg 300w, https:\/\/www.fincasami.es\/wp-content\/uploads\/2024\/08\/NR_M0593-1-768x512.jpg 768w\" sizes=\"(max-width: 1000px) 100vw, 1000px\" \/><\/figure>\n\n\n\n<p><strong>Laura Lamp\u00e9rez Matute<\/strong> <\/p>\n\n\n\n<p>T\u00e9cnica Superior en Administraci\u00f3n y Finanzas.<br>Asistente ejecutiva y atenci\u00f3n al cliente.<\/p>\n\n\n\n<hr class=\"wp-block-separator has-alpha-channel-opacity is-style-wide\"\/>\n\n\n\n<figure class=\"wp-block-image size-full\"><img loading=\"lazy\" decoding=\"async\" width=\"1000\" height=\"667\" src=\"https:\/\/www.fincasami.es\/wp-content\/uploads\/2024\/08\/NR_M0700.jpg\" alt=\"\" class=\"wp-image-250\" srcset=\"https:\/\/www.fincasami.es\/wp-content\/uploads\/2024\/08\/NR_M0700.jpg 1000w, https:\/\/www.fincasami.es\/wp-content\/uploads\/2024\/08\/NR_M0700-300x200.jpg 300w, https:\/\/www.fincasami.es\/wp-content\/uploads\/2024\/08\/NR_M0700-768x512.jpg 768w\" sizes=\"(max-width: 1000px) 100vw, 1000px\" \/><\/figure>\n\n\n\n<p><strong>Alba Rodr\u00edguez Pina<\/strong><\/p>\n\n\n\n<p>T\u00e9cnica Superior en Administraci\u00f3n y Finanzas.<br>Gestora econ\u00f3mico y laboral.<\/p>\n\n\n\n<hr class=\"wp-block-separator has-alpha-channel-opacity is-style-wide\"\/>\n\n\n\n<figure class=\"wp-block-image size-full\"><img loading=\"lazy\" decoding=\"async\" width=\"1000\" height=\"667\" src=\"https:\/\/www.fincasami.es\/wp-content\/uploads\/2024\/10\/NR_M6535-1.jpg\" alt=\"\" class=\"wp-image-345\" srcset=\"https:\/\/www.fincasami.es\/wp-content\/uploads\/2024\/10\/NR_M6535-1.jpg 1000w, https:\/\/www.fincasami.es\/wp-content\/uploads\/2024\/10\/NR_M6535-1-300x200.jpg 300w, https:\/\/www.fincasami.es\/wp-content\/uploads\/2024\/10\/NR_M6535-1-768x512.jpg 768w\" sizes=\"(max-width: 1000px) 100vw, 1000px\" \/><\/figure>\n\n\n\n<p><strong>Mar\u00eda Luisa L\u00e1zaro Usero<\/strong><\/p>\n\n\n\n<p>Abogada.<br>Apoyo legal.<\/p>\n\n\n\n<hr class=\"wp-block-separator has-alpha-channel-opacity is-style-wide\"\/>\n\n\n\n<figure class=\"wp-block-image size-full\"><img loading=\"lazy\" decoding=\"async\" width=\"1000\" height=\"1265\" src=\"https:\/\/www.fincasami.es\/wp-content\/uploads\/2024\/10\/NR_M6579.jpg\" alt=\"\" class=\"wp-image-346\" srcset=\"https:\/\/www.fincasami.es\/wp-content\/uploads\/2024\/10\/NR_M6579.jpg 1000w, https:\/\/www.fincasami.es\/wp-content\/uploads\/2024\/10\/NR_M6579-237x300.jpg 237w, https:\/\/www.fincasami.es\/wp-content\/uploads\/2024\/10\/NR_M6579-809x1024.jpg 809w, https:\/\/www.fincasami.es\/wp-content\/uploads\/2024\/10\/NR_M6579-768x972.jpg 768w\" sizes=\"(max-width: 1000px) 100vw, 1000px\" \/><\/figure>\n\n\n\n<div style=\"height:100px\" aria-hidden=\"true\" class=\"wp-block-spacer\"><\/div>\n","protected":false},"excerpt":{"rendered":"<p>Mar\u00eda Jos\u00e9 Lej\u00e1rraga Ayala Administradora de fincas.Gerente. Laura Lamp\u00e9rez Matute T\u00e9cnica Superior en Administraci\u00f3n y Finanzas.Asistente ejecutiva y atenci\u00f3n al cliente. Alba Rodr\u00edguez Pina T\u00e9cnica Superior en Administraci\u00f3n y Finanzas.Gestora econ\u00f3mico y laboral. Mar\u00eda Luisa L\u00e1zaro Usero Abogada.Apoyo legal.<\/p>\n","protected":false},"author":1,"featured_media":0,"parent":0,"menu_order":0,"comment_status":"closed","ping_status":"closed","template":"wp-custom-template-ami","meta":{"footnotes":""},"_links":{"self":[{"href":"https:\/\/www.fincasami.es\/index.php\/wp-json\/wp\/v2\/pages\/248"}],"collection":[{"href":"https:\/\/www.fincasami.es\/index.php\/wp-json\/wp\/v2\/pages"}],"about":[{"href":"https:\/\/www.fincasami.es\/index.php\/wp-json\/wp\/v2\/types\/page"}],"author":[{"embeddable":true,"href":"https:\/\/www.fincasami.es\/index.php\/wp-json\/wp\/v2\/users\/1"}],"replies":[{"embeddable":true,"href":"https:\/\/www.fincasami.es\/index.php\/wp-json\/wp\/v2\/comments?post=248"}],"version-history":[{"count":16,"href":"https:\/\/www.fincasami.es\/index.php\/wp-json\/wp\/v2\/pages\/248\/revisions"}],"predecessor-version":[{"id":385,"href":"https:\/\/www.fincasami.es\/index.php\/wp-json\/wp\/v2\/pages\/248\/revisions\/385"}],"wp:attachment":[{"href":"https:\/\/www.fincasami.es\/index.php\/wp-json\/wp\/v2\/media?parent=248"}],"curies":[{"name":"wp","href":"https:\/\/api.w.org\/{rel}","templated":true}]}}