{"id":144,"date":"2024-05-03T12:20:22","date_gmt":"2024-05-03T10:20:22","guid":{"rendered":"https:\/\/www.fincasami.es\/?page_id=144"},"modified":"2025-02-21T10:27:20","modified_gmt":"2025-02-21T08:27:20","slug":"laboral","status":"publish","type":"page","link":"https:\/\/www.fincasami.es\/index.php\/laboral","title":{"rendered":"Gesti\u00f3n laboral"},"content":{"rendered":"\n<p>Tanto en las comunidades que tienen personal contratado, como en las que no, deben cumplir tambi\u00e9n ciertas <strong>obligaciones laborales<\/strong>.<\/p>\n\n\n\n<ul>\n<li><strong>Confecci\u00f3n de contratos<\/strong>, n\u00f3minas, seguros sociales, situaciones de bajas, altas, suplencias,&nbsp; nuevos contratos o finalizaci\u00f3n de otros (jubilaci\u00f3n o despidos), incluso conciliaciones, y su <strong>tramitaci\u00f3n ante los respectivos organismos<\/strong> (INAEM, Seguridad Social, Hacienda).<\/li>\n\n\n\n<li>Informaci\u00f3n sobre la obligatoriedad y contrataci\u00f3n de la coordinaci\u00f3n o, en su caso,<strong> prevenci\u00f3n de Riesgos Laborales<\/strong>, de acuerdo con la normativa vigente.<\/li>\n<\/ul>\n\n\n\n<h3 class=\"wp-block-heading is-style-default\">Conoce todos nuestros servicios<\/h3>\n\n\n\n<ul>\n<li><a href=\"https:\/\/www.fincasami.es\/index.php\/legal\" data-type=\"page\" data-id=\"136\">Asesor\u00eda legal<\/a><\/li>\n\n\n\n<li><a href=\"https:\/\/www.fincasami.es\/index.php\/juridica\" data-type=\"page\" data-id=\"158\">Asesor\u00eda jur\u00eddica<\/a><\/li>\n\n\n\n<li><a href=\"https:\/\/www.fincasami.es\/index.php\/economica\" data-type=\"page\" data-id=\"138\">Gesti\u00f3n econ\u00f3mica<\/a><\/li>\n\n\n\n<li><a href=\"https:\/\/www.fincasami.es\/index.php\/mantenimiento\" data-type=\"page\" data-id=\"140\">Mantenimiento integral<\/a><\/li>\n\n\n\n<li><a href=\"https:\/\/www.fincasami.es\/index.php\/fiscal\" data-type=\"page\" data-id=\"142\">Asesor\u00eda fiscal<\/a><\/li>\n\n\n\n<li><a href=\"https:\/\/www.fincasami.es\/index.php\/laboral\" data-type=\"page\" data-id=\"144\">Gesti\u00f3n Laboral<\/a><\/li>\n<\/ul>\n","protected":false},"excerpt":{"rendered":"<p>Tanto en las comunidades que tienen personal contratado, como en las que no, deben cumplir tambi\u00e9n ciertas obligaciones laborales.<\/p>\n","protected":false},"author":1,"featured_media":0,"parent":0,"menu_order":0,"comment_status":"closed","ping_status":"closed","template":"wp-custom-template-ami","meta":{"footnotes":""},"_links":{"self":[{"href":"https:\/\/www.fincasami.es\/index.php\/wp-json\/wp\/v2\/pages\/144"}],"collection":[{"href":"https:\/\/www.fincasami.es\/index.php\/wp-json\/wp\/v2\/pages"}],"about":[{"href":"https:\/\/www.fincasami.es\/index.php\/wp-json\/wp\/v2\/types\/page"}],"author":[{"embeddable":true,"href":"https:\/\/www.fincasami.es\/index.php\/wp-json\/wp\/v2\/users\/1"}],"replies":[{"embeddable":true,"href":"https:\/\/www.fincasami.es\/index.php\/wp-json\/wp\/v2\/comments?post=144"}],"version-history":[{"count":5,"href":"https:\/\/www.fincasami.es\/index.php\/wp-json\/wp\/v2\/pages\/144\/revisions"}],"predecessor-version":[{"id":373,"href":"https:\/\/www.fincasami.es\/index.php\/wp-json\/wp\/v2\/pages\/144\/revisions\/373"}],"wp:attachment":[{"href":"https:\/\/www.fincasami.es\/index.php\/wp-json\/wp\/v2\/media?parent=144"}],"curies":[{"name":"wp","href":"https:\/\/api.w.org\/{rel}","templated":true}]}}