{"id":142,"date":"2024-05-03T12:20:05","date_gmt":"2024-05-03T10:20:05","guid":{"rendered":"https:\/\/www.fincasami.es\/?page_id=142"},"modified":"2025-02-21T10:27:16","modified_gmt":"2025-02-21T08:27:16","slug":"fiscal","status":"publish","type":"page","link":"https:\/\/www.fincasami.es\/index.php\/fiscal","title":{"rendered":"Asesor\u00eda fiscal"},"content":{"rendered":"\n<p>Cada d\u00eda m\u00e1s, las comunidades se ven obligadas a someterse a obligaciones fiscales.<\/p>\n\n\n\n<ul>\n<li>Es obligatorio tramitar todas estas gestiones con un <strong>Certificado Digital<\/strong>, necesario para relacionarse electr\u00f3nicamente con las distintas Administraciones P\u00fablicas. Nos encargamos de solicitarlo y tramitarlo.<\/li>\n\n\n\n<li>Legalizaci\u00f3n e inscripci\u00f3n de la Comunidad en el fichero de entidades obligadas a cumplir el<strong> Reglamento General de Protecci\u00f3n de Datos<\/strong>.<\/li>\n\n\n\n<li>Presentaci\u00f3n , si fuera necesario, de los diferentes<strong> modelos tributarios en Hacienda<\/strong>, a los que las comunidades est\u00e1n obligadas, en alg\u00fan momento. Informativas como la atribuci\u00f3n de rentas, o las operaciones con terceros superiores al l\u00edmite establecido, o liquidaciones de IVA, o de retenciones (111, 115, 184, 190, 347, 303, 390) son algunos de los que deberemos presentar alguna vez. <\/li>\n<\/ul>\n\n\n\n<p>Estas gestiones se facturan, algunas directamente por la administraci\u00f3n y otras a trav\u00e9s de organismos externos, que prestan el servicio.<\/p>\n\n\n\n<h3 class=\"wp-block-heading is-style-default\">Conoce todos nuestros servicios<\/h3>\n\n\n\n<ul>\n<li><a href=\"https:\/\/www.fincasami.es\/index.php\/legal\" data-type=\"page\" data-id=\"136\">Asesor\u00eda legal<\/a><\/li>\n\n\n\n<li><a href=\"https:\/\/www.fincasami.es\/index.php\/juridica\" data-type=\"page\" data-id=\"158\">Asesor\u00eda jur\u00eddica<\/a><\/li>\n\n\n\n<li><a href=\"https:\/\/www.fincasami.es\/index.php\/economica\" data-type=\"page\" data-id=\"138\">Gesti\u00f3n econ\u00f3mica<\/a><\/li>\n\n\n\n<li><a href=\"https:\/\/www.fincasami.es\/index.php\/mantenimiento\" data-type=\"page\" data-id=\"140\">Mantenimiento integral<\/a><\/li>\n\n\n\n<li><a href=\"https:\/\/www.fincasami.es\/index.php\/fiscal\" data-type=\"page\" data-id=\"142\">Asesor\u00eda fiscal<\/a><\/li>\n\n\n\n<li><a href=\"https:\/\/www.fincasami.es\/index.php\/laboral\" data-type=\"page\" data-id=\"144\">Gesti\u00f3n Laboral<\/a><\/li>\n<\/ul>\n","protected":false},"excerpt":{"rendered":"<p>Cada d\u00eda m\u00e1s, las comunidades se ven obligadas a someterse a obligaciones fiscales. Estas gestiones se facturan, algunas directamente por la administraci\u00f3n y otras a trav\u00e9s de organismos externos, que prestan el servicio.<\/p>\n","protected":false},"author":1,"featured_media":0,"parent":0,"menu_order":0,"comment_status":"closed","ping_status":"closed","template":"wp-custom-template-ami","meta":{"footnotes":""},"_links":{"self":[{"href":"https:\/\/www.fincasami.es\/index.php\/wp-json\/wp\/v2\/pages\/142"}],"collection":[{"href":"https:\/\/www.fincasami.es\/index.php\/wp-json\/wp\/v2\/pages"}],"about":[{"href":"https:\/\/www.fincasami.es\/index.php\/wp-json\/wp\/v2\/types\/page"}],"author":[{"embeddable":true,"href":"https:\/\/www.fincasami.es\/index.php\/wp-json\/wp\/v2\/users\/1"}],"replies":[{"embeddable":true,"href":"https:\/\/www.fincasami.es\/index.php\/wp-json\/wp\/v2\/comments?post=142"}],"version-history":[{"count":6,"href":"https:\/\/www.fincasami.es\/index.php\/wp-json\/wp\/v2\/pages\/142\/revisions"}],"predecessor-version":[{"id":370,"href":"https:\/\/www.fincasami.es\/index.php\/wp-json\/wp\/v2\/pages\/142\/revisions\/370"}],"wp:attachment":[{"href":"https:\/\/www.fincasami.es\/index.php\/wp-json\/wp\/v2\/media?parent=142"}],"curies":[{"name":"wp","href":"https:\/\/api.w.org\/{rel}","templated":true}]}}