{"id":134,"date":"2024-05-03T12:18:25","date_gmt":"2024-05-03T10:18:25","guid":{"rendered":"https:\/\/www.fincasami.es\/?page_id=134"},"modified":"2025-02-21T10:26:37","modified_gmt":"2025-02-21T08:26:37","slug":"servicios","status":"publish","type":"page","link":"https:\/\/www.fincasami.es\/index.php\/servicios","title":{"rendered":"Nuestros servicios"},"content":{"rendered":"\n<p>Cada comunidad es distinta y necesita un estudio personalizado. <\/p>\n\n\n\n<p>La experiencia nos ha ense\u00f1ado que tenemos que abarcar todos los servicios para poder adaptarnos a las necesidades de las comunidades. As\u00ed que os presentamos <strong>todos los servicios que ponemos a su disposici\u00f3n<\/strong> y nos adaptaremos a su caso particular. <\/p>\n\n\n\n<p>Si las circunstancias cambian, <strong>tenemos capacidad para renovar nuestros servicios<\/strong> y poderles atender en todos los casos. Pero lo m\u00e1s importante es que intentaremos <strong>simplificar todas las gestiones<\/strong> para que el edificio en el que vive se conserve adecuadamente y la <strong>convivencia entre los vecinos<\/strong> sea pac\u00edfica y agradable.<\/p>\n\n\n\n<p>Como destacamos por el <strong>trato personalizado<\/strong>, nos adaptaremos a sus requerimientos en cuanto a la periodicidad de las reuniones y documentaci\u00f3n que desean que les enviemos. Esta periodicidad tiene que ver con las dimensiones de las comunidades. Las reuniones con el presidente o con la Junta de gobierno entran dentro de los servicios contratados.<\/p>\n\n\n\n<h3 class=\"wp-block-heading is-style-default\">Conoce todos nuestros servicios<\/h3>\n\n\n\n<ul>\n<li><a href=\"https:\/\/www.fincasami.es\/index.php\/legal\" data-type=\"page\" data-id=\"136\">Asesor\u00eda legal<\/a><\/li>\n\n\n\n<li><a href=\"https:\/\/www.fincasami.es\/index.php\/juridica\" data-type=\"page\" data-id=\"158\">Asesor\u00eda jur\u00eddica<\/a><\/li>\n\n\n\n<li><a href=\"https:\/\/www.fincasami.es\/index.php\/economica\" data-type=\"page\" data-id=\"138\">Gesti\u00f3n econ\u00f3mica<\/a><\/li>\n\n\n\n<li><a href=\"https:\/\/www.fincasami.es\/index.php\/mantenimiento\" data-type=\"page\" data-id=\"140\">Mantenimiento integral<\/a><\/li>\n\n\n\n<li><a href=\"https:\/\/www.fincasami.es\/index.php\/fiscal\" data-type=\"page\" data-id=\"142\">Asesor\u00eda fiscal<\/a><\/li>\n\n\n\n<li><a href=\"https:\/\/www.fincasami.es\/index.php\/laboral\" data-type=\"page\" data-id=\"144\">Gesti\u00f3n Laboral<\/a><\/li>\n<\/ul>\n","protected":false},"excerpt":{"rendered":"<p>Cada comunidad es distinta y necesita un estudio personalizado. La experiencia nos ha ense\u00f1ado que tenemos que abarcar todos los servicios para poder adaptarnos a las necesidades de las comunidades. As\u00ed que os presentamos todos los servicios que ponemos a su disposici\u00f3n y nos adaptaremos a su caso particular. Si las circunstancias cambian, tenemos capacidad [&hellip;]<\/p>\n","protected":false},"author":1,"featured_media":0,"parent":0,"menu_order":0,"comment_status":"closed","ping_status":"closed","template":"wp-custom-template-ami","meta":{"footnotes":""},"_links":{"self":[{"href":"https:\/\/www.fincasami.es\/index.php\/wp-json\/wp\/v2\/pages\/134"}],"collection":[{"href":"https:\/\/www.fincasami.es\/index.php\/wp-json\/wp\/v2\/pages"}],"about":[{"href":"https:\/\/www.fincasami.es\/index.php\/wp-json\/wp\/v2\/types\/page"}],"author":[{"embeddable":true,"href":"https:\/\/www.fincasami.es\/index.php\/wp-json\/wp\/v2\/users\/1"}],"replies":[{"embeddable":true,"href":"https:\/\/www.fincasami.es\/index.php\/wp-json\/wp\/v2\/comments?post=134"}],"version-history":[{"count":21,"href":"https:\/\/www.fincasami.es\/index.php\/wp-json\/wp\/v2\/pages\/134\/revisions"}],"predecessor-version":[{"id":376,"href":"https:\/\/www.fincasami.es\/index.php\/wp-json\/wp\/v2\/pages\/134\/revisions\/376"}],"wp:attachment":[{"href":"https:\/\/www.fincasami.es\/index.php\/wp-json\/wp\/v2\/media?parent=134"}],"curies":[{"name":"wp","href":"https:\/\/api.w.org\/{rel}","templated":true}]}}