{"id":10,"date":"2023-11-23T11:37:52","date_gmt":"2023-11-23T09:37:52","guid":{"rendered":"https:\/\/www.fincasami.es\/?page_id=10"},"modified":"2026-04-10T08:42:55","modified_gmt":"2026-04-10T06:42:55","slug":"contacto","status":"publish","type":"page","link":"https:\/\/www.fincasami.es\/index.php\/contacto","title":{"rendered":"Contacto"},"content":{"rendered":"\n<h2 class=\"wp-block-heading has-text-align-left has-large-font-size\">Oficina de Zaragoza<\/h2>\n\n\n\n<hr class=\"wp-block-separator has-alpha-channel-opacity is-style-wide\" style=\"margin-top:var(--wp--preset--spacing--20);margin-bottom:var(--wp--preset--spacing--20)\"\/>\n\n\n\n<div class=\"wp-block-columns is-layout-flex wp-container-core-columns-layout-2 wp-block-columns-is-layout-flex\">\n<div class=\"wp-block-column is-layout-flow wp-block-column-is-layout-flow\">\n<p>Avenida de Catalu\u00f1a, 20, local,<br>50014 Zaragoza.<\/p>\n\n\n\n<p><strong>Horario<\/strong>: <br>Lunes a viernes de 8:00 a 15:00.<br>Mi\u00e9rcoles de 17:00 a 19:30.<br>Resto de horarios con cita previa.<\/p>\n\n\n\n<p><\/p>\n<\/div>\n\n\n\n<div class=\"wp-block-column is-layout-flow wp-block-column-is-layout-flow\">\n<p><strong>Tel\u00e9fono<\/strong>: <a href=\"tel:+34976391262\">976 39 12 62<\/a>.<\/p>\n\n\n\n<p><strong>M\u00f3vil<\/strong>: <a href=\"tel:+34623143868\">623 14 38 68<\/a> (Urgencias).<\/p>\n\n\n\n<div class=\"wp-block-columns is-layout-flex wp-container-core-columns-layout-1 wp-block-columns-is-layout-flex\">\n<div class=\"wp-block-column is-layout-flow wp-block-column-is-layout-flow\" style=\"flex-basis:5px\">\n<i class=\"fa-brands fa-whatsapp\"><\/i>\n<\/div>\n\n\n\n<div class=\"wp-block-column is-layout-flow wp-block-column-is-layout-flow\">\n<p><strong>WhatsApp<\/strong>: <a href=\"https:\/\/wa.me\/34623143868\">623 14 38 68<\/a>.<\/p>\n<\/div>\n<\/div>\n\n\n\n<p><strong>Email<\/strong>: <a href=\"mailto:ami@fincasami.es\">ami@fincasami.es<\/a><\/p>\n<\/div>\n<\/div>\n\n\n\n<div class=\"wp-block-group has-global-padding is-layout-constrained wp-block-group-is-layout-constrained\">\n<iframe src=\"https:\/\/www.google.com\/maps\/embed?pb=!1m18!1m12!1m3!1d2980.849532780045!2d-0.8717479!3d41.6589929!2m3!1f0!2f0!3f0!3m2!1i1024!2i768!4f13.1!3m3!1m2!1s0xd59148b67f9c2a1%3A0xbe5621c2082c2749!2sAv.%20de%20Catalu%C3%B1a%2C%2020%2C%2050014%20Zaragoza!5e0!3m2!1ses!2ses!4v1700732537381!5m2!1ses!2ses\" width_=\"600\" height=\"450\" style=\"border:0; width:100%\" allowfullscreen=\"\" loading=\"lazy\" referrerpolicy=\"no-referrer-when-downgrade\"><\/iframe>\n<\/div>\n\n\n\n<div style=\"height:50px\" aria-hidden=\"true\" class=\"wp-block-spacer\"><\/div>\n\n\n\n<h2 class=\"wp-block-heading has-text-align-left has-large-font-size\">Oficina de Cari\u00f1ena<\/h2>\n\n\n\n<hr class=\"wp-block-separator has-alpha-channel-opacity is-style-wide\" style=\"margin-top:var(--wp--preset--spacing--20);margin-bottom:var(--wp--preset--spacing--20)\"\/>\n\n\n\n<div class=\"wp-block-columns is-layout-flex wp-container-core-columns-layout-4 wp-block-columns-is-layout-flex\">\n<div class=\"wp-block-column is-layout-flow wp-block-column-is-layout-flow\">\n<p>Avenida Ribo Lahoz, n\u00ba 7, bajo,<br>50400 Cari\u00f1ena (Zaragoza).<\/p>\n\n\n\n<p><strong>Horario<\/strong>: <br>Mi\u00e9rcoles de 18:00 a 20:00. <br>Resto de horarios con cita previa.<\/p>\n\n\n\n<p><\/p>\n<\/div>\n\n\n\n<div class=\"wp-block-column is-layout-flow wp-block-column-is-layout-flow\">\n<p><strong>Tel\u00e9fono<\/strong>: <a href=\"tel:+34976391262\">976 39 12 62<\/a>.<\/p>\n\n\n\n<p><strong>M\u00f3vil<\/strong>: <a href=\"tel:+34623143868\">623 14 38 68<\/a> (Urgencias).<\/p>\n\n\n\n<div class=\"wp-block-columns is-layout-flex wp-container-core-columns-layout-3 wp-block-columns-is-layout-flex\">\n<div class=\"wp-block-column is-layout-flow wp-block-column-is-layout-flow\" style=\"flex-basis:5px\">\n<i class=\"fa-brands fa-whatsapp\"><\/i>\n<\/div>\n\n\n\n<div class=\"wp-block-column is-layout-flow wp-block-column-is-layout-flow\">\n<p><strong>WhatsApp<\/strong>: <a href=\"https:\/\/wa.me\/34623143868\">623 14 38 68<\/a>.<\/p>\n<\/div>\n<\/div>\n\n\n\n<p><strong>Email<\/strong>: <a href=\"mailto:ami@fincasami.es\">ami@fincasami.es<\/a><\/p>\n<\/div>\n<\/div>\n\n\n\n<div class=\"wp-block-group has-global-padding is-layout-constrained wp-block-group-is-layout-constrained\">\n<iframe src=\"https:\/\/www.google.com\/maps\/embed?pb=!1m18!1m12!1m3!1d2995.781607210776!2d-1.2249636!3d41.3353621!2m3!1f0!2f0!3f0!3m2!1i1024!2i768!4f13.1!3m3!1m2!1s0xd5bfe163ba113cb%3A0xbd420e07dbe9a3d9!2sAv.%20Ribo%20Lahoz%2C%207%2C%2050400%20Cari%C3%B1ena%2C%20Zaragoza!5e0!3m2!1ses!2ses!4v1700733442754!5m2!1ses!2ses\" width_=\"600\" height=\"450\" style=\"border:0; width:100%\" allowfullscreen=\"\" loading=\"lazy\" referrerpolicy=\"no-referrer-when-downgrade\"><\/iframe>\n<\/div>\n","protected":false},"excerpt":{"rendered":"<p>Oficina de Zaragoza Avenida de Catalu\u00f1a, 20, local,50014 Zaragoza. Horario: Lunes a viernes de 8:00 a 15:00.Mi\u00e9rcoles de 17:00 a 19:30.Resto de horarios con cita previa. Tel\u00e9fono: 976 39 12 62. M\u00f3vil: 623 14 38 68 (Urgencias). WhatsApp: 623 14 38 68. Email: ami@fincasami.es Oficina de Cari\u00f1ena Avenida Ribo Lahoz, n\u00ba 7, bajo,50400 Cari\u00f1ena (Zaragoza). [&hellip;]<\/p>\n","protected":false},"author":1,"featured_media":0,"parent":0,"menu_order":0,"comment_status":"closed","ping_status":"closed","template":"wp-custom-template-ami","meta":{"footnotes":""},"_links":{"self":[{"href":"https:\/\/www.fincasami.es\/index.php\/wp-json\/wp\/v2\/pages\/10"}],"collection":[{"href":"https:\/\/www.fincasami.es\/index.php\/wp-json\/wp\/v2\/pages"}],"about":[{"href":"https:\/\/www.fincasami.es\/index.php\/wp-json\/wp\/v2\/types\/page"}],"author":[{"embeddable":true,"href":"https:\/\/www.fincasami.es\/index.php\/wp-json\/wp\/v2\/users\/1"}],"replies":[{"embeddable":true,"href":"https:\/\/www.fincasami.es\/index.php\/wp-json\/wp\/v2\/comments?post=10"}],"version-history":[{"count":66,"href":"https:\/\/www.fincasami.es\/index.php\/wp-json\/wp\/v2\/pages\/10\/revisions"}],"predecessor-version":[{"id":465,"href":"https:\/\/www.fincasami.es\/index.php\/wp-json\/wp\/v2\/pages\/10\/revisions\/465"}],"wp:attachment":[{"href":"https:\/\/www.fincasami.es\/index.php\/wp-json\/wp\/v2\/media?parent=10"}],"curies":[{"name":"wp","href":"https:\/\/api.w.org\/{rel}","templated":true}]}}